{"id":3618,"date":"2024-05-22T19:42:28","date_gmt":"2024-05-22T19:42:28","guid":{"rendered":"https:\/\/www.individual-coaching.cz\/?page_id=3618"},"modified":"2025-01-17T08:10:31","modified_gmt":"2025-01-17T08:10:31","slug":"cenik","status":"publish","type":"page","link":"https:\/\/www.individual-coaching.cz\/index.php\/cenik\/","title":{"rendered":"\u017dIVOT N\u00c1M NAB\u00cdZ\u00cd V\u00cdC, NE\u017d SI MYSL\u00cdME&#8230;"},"content":{"rendered":"<div  data-label=\"Cenik\" data-id=\"pricing--1\" data-export-id=\"pricing-1\" data-category=\"pricing\" data-featured-class=\"pricing-featured\" class=\"pricing-1 content-section content-section-spacing content-relative section-title-col-\" id=\"cenik\" style=\"background-color: rgb(152, 188, 175); background-image: none;\" data-section-ov=\"1\"><div  class=\"gridContainer\"><div  data-section-title-area=\"true\" class=\"row text-center\">   <div  class=\"section-title-col\" data-type=\"column\">       <h2  class=\"\"><span  style=\"color: rgb(123, 175, 149); font-weight: 600;\">ORIENTA\u010cN\u00cd CEN\u00cdK SLU\u017dEB<\/span><span  id=\"_mce_caret\" data-mce-bogus=\"1\" data-mce-type=\"format-caret\"><span  style=\"font-weight: 600; color: rgb(123, 175, 149);\">\ufeff<\/span><\/span><\/h2>          <p  class=\"lead\">Fin\u00e1ln\u00ed cenov\u00e1 nab\u00eddka v\u017edy zohled\u0148uje rozsah a dlouhodobost spolupr\u00e1ce.<\/p><\/div><\/div>  <div  data-type=\"row\" class=\"row spaced-cols\"> <div  class=\"col-xs-12 col-sm-6 text-center col-md-4 \"> <div  class=\"card shadow-small rounded\" data-default=\"shadow-small\" data-featured=\"shadow-large\" data-type=\"column\"> <h4  class=\"\"><span  style=\"font-weight: 600;\">INDIVIDU\u00c1LN\u00cd KOU\u010cINK<\/span><\/h4><p  class=\"small color1 custom-color\">on-line<\/p><h6  class=\"\">kou\u010dink\n<br >mentorink\n<br >konzultace<\/h6>    <h4  class=\"\"><span  style=\"font-weight: 600; color: rgb(36, 204, 192);\">od 4.000 K\u010d\/hod.<\/span><\/h4><\/div> <\/div>   <div  class=\"col-xs-12 col-sm-6 text-center col-md-4 \"> <div  class=\"card shadow-small rounded\" data-default=\"shadow-small\" data-featured=\"shadow-large\" data-type=\"column\"> <h4  class=\"\"><span  style=\"font-weight: 600;\">INDIVIDU\u00c1LN\u00cd KOU\u010cINK<\/span><\/h4><p  class=\"small color1 custom-color\">F2F<\/p><h6  class=\"\">kou\u010dink\n<br >mentorink\n<br >konzultace<\/h6>    <h4  class=\"\"><span  style=\"font-weight: 600; color: rgb(36, 204, 192);\">od 5.000 K\u010d\/hod.<\/span><\/h4><\/div> <\/div><div  class=\"col-xs-12 col-sm-6 text-center col-md-4 \"> <div  class=\"card shadow-small rounded\" data-default=\"shadow-small\" data-featured=\"shadow-large\" data-type=\"column\"> <h4  class=\"\"><span  style=\"font-weight: 600;\">T\u00ddMOV\u00dd KOU\u010cINK<\/span><\/h4><p  class=\"small color1 custom-color\">F2F<\/p><h6  class=\"\">t\u00fdmov\u00fd kou\u010dink&nbsp;<br >MasterMind skupina&nbsp;<br >focus-groups&nbsp;<\/h6>    <h4  class=\"\"><span  style=\"font-weight: 600; color: rgb(36, 204, 192);\">od 7.000 K\u010d\/hod.<\/span><\/h4><\/div> <\/div><div  class=\"col-xs-12 col-sm-6 text-center col-md-4 \"> <div  class=\"card shadow-small rounded\" data-default=\"shadow-small\" data-featured=\"shadow-large\" data-type=\"column\"> <h4  class=\"\"><span  style=\"font-weight: 600;\">WORKSHOP<\/span><\/h4><p  class=\"small color1 custom-color\">F2F \/ on-line<\/p>    <h4  class=\"\"><span  style=\"font-weight: 600; color: rgb(36, 204, 192);\">42.000 K\u010d\/den<\/span><\/h4><\/div> <\/div><div  class=\"col-xs-12 col-sm-6 text-center col-md-4\"> <div  class=\"card shadow-small rounded\" data-default=\"shadow-small\" data-featured=\"shadow-large\" data-type=\"column\"> <h4  class=\"\"><span  style=\"font-weight: 600;\">WORKSHOP<\/span><span  id=\"_mce_caret\" data-mce-bogus=\"1\" data-mce-type=\"format-caret\"><span  style=\"font-weight: 600;\">\ufeff<\/span><\/span><\/h4><p  class=\"small color1 custom-color\">F2F \/ on-line<\/p>    <h4  class=\"\"><span  style=\"font-weight: 600; color: rgb(36, 204, 192);\">26.000 K\u010d\/p\u016fl-den<\/span><\/h4><\/div> <\/div><div  class=\"col-xs-12 col-sm-6 text-center col-md-4\"> <div  class=\"card shadow-small rounded\" data-default=\"shadow-small\" data-featured=\"shadow-large\" data-type=\"column\"> <h4  class=\"\"><span  style=\"font-weight: 600;\">MOTIVA\u010cN\u00cd P\u0158EDN\u00c1\u0160KA<\/span><\/h4><p  class=\"small color1 custom-color\">F2F \/ on-line<\/p>    <h4  class=\"\"><span  style=\"font-weight: 600; color: rgb(36, 204, 192);\">25.000 K\u010d\/hod.<\/span><\/h4><\/div> <\/div><div  class=\"col-xs-12 col-sm-6 text-center col-md-4\"> <div  class=\"card shadow-small rounded\" data-default=\"shadow-small\" data-featured=\"shadow-large\" data-type=\"column\"> <h4  class=\"\"><span  style=\"font-weight: 600;\">INTENZIVN\u00cd INDIVIDU\u00c1LN\u00cd \n<br >FLOW KOU\u010cINK<\/span><\/h4><p  class=\"small color1 custom-color\">on-line s\u00e9rie<\/p><h6  class=\"\">\u00favodn\u00ed 1-1 kou\u010dink, n\u00e1sledn\u011b ka\u017edodenn\u00ed WA komunikace<\/h6>    <h4  class=\"\"><span  style=\"font-weight: 600; color: rgb(36, 204, 192);\">8.500 K\u010d\/t\u00fdden<\/span><\/h4><\/div> <\/div><div  class=\"col-xs-12 col-sm-6 text-center col-md-4\"> <div  class=\"card shadow-small rounded\" data-default=\"shadow-small\" data-featured=\"shadow-large\" data-type=\"column\"> <h4  class=\"\"><span  style=\"font-weight: 600;\">SKUPINOV\u00dd \n<br >FLOW KOU\u010cINK (uzav\u0159en\u00e1 skupina)<\/span><\/h4><p  class=\"small color1 custom-color\">on-line skupina \n<br >(max. 3 osoby)<\/p><h6  class=\"\">1x t\u00fddn\u011b Q&amp;A \n<br >GoogleMeet setk\u00e1n\u00ed + 1x denn\u011b odpov\u011bd na WA zpr\u00e1vu<\/h6>    <h4  class=\"\"><span  style=\"font-weight: 600; color: rgb(37, 186, 186);\">5.900 K\u010d\/m\u011bs\u00edc<\/span><\/h4><\/div> <\/div><\/div> <\/div><\/div>","protected":false},"excerpt":{"rendered":"<p>ORIENTA\u010cN\u00cd CEN\u00cdK SLU\u017dEB\ufeff Fin\u00e1ln\u00ed cenov\u00e1 nab\u00eddka v\u017edy zohled\u0148uje rozsah a dlouhodobost spolupr\u00e1ce. INDIVIDU\u00c1LN\u00cd KOU\u010cINKon-linekou\u010dink mentorink konzultace od 4.000 K\u010d\/hod. INDIVIDU\u00c1LN\u00cd KOU\u010cINKF2Fkou\u010dink mentorink konzultace od 5.000 K\u010d\/hod. T\u00ddMOV\u00dd KOU\u010cINKF2Ft\u00fdmov\u00fd kou\u010dink&nbsp;MasterMind skupina&nbsp;focus-groups&nbsp; od 7.000 K\u010d\/hod. WORKSHOPF2F \/ on-line 42.000 K\u010d\/den WORKSHOP\ufeffF2F \/ on-line 26.000 K\u010d\/p\u016fl-den MOTIVA\u010cN\u00cd P\u0158EDN\u00c1\u0160KAF2F \/ on-line 25.000 K\u010d\/hod. INTENZIVN\u00cd INDIVIDU\u00c1LN\u00cd FLOW KOU\u010cINKon-line s\u00e9rie\u00favodn\u00ed 1-1&hellip; <br \/> <a class=\"read-more\" href=\"https:\/\/www.individual-coaching.cz\/index.php\/cenik\/\">V\u00edce<\/a><\/p>\n","protected":false},"author":1,"featured_media":0,"parent":0,"menu_order":0,"comment_status":"closed","ping_status":"closed","template":"pro\/page-templates\/full-width-page.php","meta":{"footnotes":""},"class_list":["post-3618","page","type-page","status-publish","hentry"],"_links":{"self":[{"href":"https:\/\/www.individual-coaching.cz\/index.php\/wp-json\/wp\/v2\/pages\/3618","targetHints":{"allow":["GET"]}}],"collection":[{"href":"https:\/\/www.individual-coaching.cz\/index.php\/wp-json\/wp\/v2\/pages"}],"about":[{"href":"https:\/\/www.individual-coaching.cz\/index.php\/wp-json\/wp\/v2\/types\/page"}],"author":[{"embeddable":true,"href":"https:\/\/www.individual-coaching.cz\/index.php\/wp-json\/wp\/v2\/users\/1"}],"replies":[{"embeddable":true,"href":"https:\/\/www.individual-coaching.cz\/index.php\/wp-json\/wp\/v2\/comments?post=3618"}],"version-history":[{"count":69,"href":"https:\/\/www.individual-coaching.cz\/index.php\/wp-json\/wp\/v2\/pages\/3618\/revisions"}],"predecessor-version":[{"id":4656,"href":"https:\/\/www.individual-coaching.cz\/index.php\/wp-json\/wp\/v2\/pages\/3618\/revisions\/4656"}],"wp:attachment":[{"href":"https:\/\/www.individual-coaching.cz\/index.php\/wp-json\/wp\/v2\/media?parent=3618"}],"curies":[{"name":"wp","href":"https:\/\/api.w.org\/{rel}","templated":true}]}}